{"id":52977,"date":"2026-03-11T15:20:39","date_gmt":"2026-03-11T13:20:39","guid":{"rendered":"https:\/\/www.niskanen.fi\/verkkokauppa\/?post_type=product&#038;p=52977"},"modified":"2026-04-21T12:49:19","modified_gmt":"2026-04-21T10:49:19","slug":"kari-traa-beanie-pipo","status":"publish","type":"product","link":"https:\/\/www.niskanen.fi\/verkkokauppa\/tuote\/kari-traa-beanie-pipo\/","title":{"rendered":"KARI TRAA BEANIE PIPO"},"content":{"rendered":"<p>Pysy l\u00e4mpim\u00e4n\u00e4 ja tyylikk\u00e4\u00e4n\u00e4 t\u00e4ll\u00e4 Kari Traa Traa Beanie -pipon avulla. Pipon kaksikerrosrakenne antaa lis\u00e4l\u00e4mp\u00f6\u00e4 koleina p\u00e4ivin\u00e4, ja sen joustavat materiaalit takaavat mukavan istuvuuden.&nbsp;Materiaali; 96% puuvilla, 4% elastaani<\/p>\n","protected":false},"excerpt":{"rendered":"<p>Pysy l\u00e4mpim\u00e4n\u00e4 ja tyylikk\u00e4\u00e4n\u00e4 t\u00e4ll\u00e4 Kari Traa Traa Beanie -pipon avulla. Pipon kaksikerrosrakenne antaa lis\u00e4l\u00e4mp\u00f6\u00e4 koleina p\u00e4ivin\u00e4, ja sen joustavat materiaalit takaavat mukavan istuvuuden.&nbsp;Materiaali; 96% puuvilla, 4% elastaani<\/p>\n","protected":false},"featured_media":55592,"template":"","meta":[],"product_brand":[1196],"product_cat":[878,279,280],"product_tag":[1213,1235],"class_list":{"0":"post-52977","1":"product","2":"type-product","3":"status-publish","4":"has-post-thumbnail","6":"product_brand-kari-traa","7":"product_cat-muut-vaatteet-ja-asusteet","8":"product_cat-paahineet","9":"product_cat-pipot","10":"product_tag-naisten-vaatteet","11":"product_tag-pipot","13":"first","14":"instock","15":"taxable","16":"shipping-taxable","17":"purchasable","18":"product-type-variable"},"jetpack_sharing_enabled":true,"_links":{"self":[{"href":"https:\/\/www.niskanen.fi\/verkkokauppa\/wp-json\/wp\/v2\/product\/52977","targetHints":{"allow":["GET"]}}],"collection":[{"href":"https:\/\/www.niskanen.fi\/verkkokauppa\/wp-json\/wp\/v2\/product"}],"about":[{"href":"https:\/\/www.niskanen.fi\/verkkokauppa\/wp-json\/wp\/v2\/types\/product"}],"version-history":[{"count":1,"href":"https:\/\/www.niskanen.fi\/verkkokauppa\/wp-json\/wp\/v2\/product\/52977\/revisions"}],"predecessor-version":[{"id":55594,"href":"https:\/\/www.niskanen.fi\/verkkokauppa\/wp-json\/wp\/v2\/product\/52977\/revisions\/55594"}],"wp:featuredmedia":[{"embeddable":true,"href":"https:\/\/www.niskanen.fi\/verkkokauppa\/wp-json\/wp\/v2\/media\/55592"}],"wp:attachment":[{"href":"https:\/\/www.niskanen.fi\/verkkokauppa\/wp-json\/wp\/v2\/media?parent=52977"}],"wp:term":[{"taxonomy":"product_brand","embeddable":true,"href":"https:\/\/www.niskanen.fi\/verkkokauppa\/wp-json\/wp\/v2\/product_brand?post=52977"},{"taxonomy":"product_cat","embeddable":true,"href":"https:\/\/www.niskanen.fi\/verkkokauppa\/wp-json\/wp\/v2\/product_cat?post=52977"},{"taxonomy":"product_tag","embeddable":true,"href":"https:\/\/www.niskanen.fi\/verkkokauppa\/wp-json\/wp\/v2\/product_tag?post=52977"}],"curies":[{"name":"wp","href":"https:\/\/api.w.org\/{rel}","templated":true}]}}