{"id":53373,"date":"2026-03-11T16:10:18","date_gmt":"2026-03-11T14:10:18","guid":{"rendered":"https:\/\/www.niskanen.fi\/verkkokauppa\/?post_type=product&#038;p=53373"},"modified":"2026-04-15T15:08:06","modified_gmt":"2026-04-15T13:08:06","slug":"merrell-speed-stirke-2-gtx-vaelluskengat","status":"publish","type":"product","link":"https:\/\/www.niskanen.fi\/verkkokauppa\/tuote\/merrell-speed-stirke-2-gtx-vaelluskengat\/","title":{"rendered":"MERRELL SPEED STIRKE 2 GTX VAELLUSKENG\u00c4T"},"content":{"rendered":"<p>T\u00e4m\u00e4 ulkoilujalkine tarjoaa Gore\u2011Tex\u2011vedenpit\u00e4vyyden ja teipatut saumat lenkkarimaisella keveydell\u00e4 ja vaimennuksella. Synteettisen nahan ja verkkoneuloksen yhdistelm\u00e4 tekee p\u00e4\u00e4llisest\u00e4 hengitt\u00e4v\u00e4n ja kest\u00e4v\u00e4n, kun taas kuminen varvassuoja lis\u00e4\u00e4 suojaa ep\u00e4tasaisessa maastossa. Kosteutta siirt\u00e4v\u00e4 sis\u00e4vuori ja anatomisesti muotoiltu, irrotettava EVA\u2011pohjallinen tuovat mukavuutta joka askeleelle.<\/p>\n<p>Kevyt EVA\u2011foam\u2011v\u00e4lipohja vaimentaa tehokkaasti, ja pit\u00e4v\u00e4 kumiseosulkopohja takaa varman pidon eri alustoilla. Cleansport NXT\u2122 \u2011k\u00e4sittely ehk\u00e4isee hajujen synty\u00e4, ja kierr\u00e4tysmateriaalien k\u00e4ytt\u00f6 nauhoissa, vuorissa ja pohjallisessa tekee keng\u00e4st\u00e4 ymp\u00e4rist\u00f6yst\u00e4v\u00e4llisen. Vegaaninen rakenne viimeistelee kokonaisuuden.<\/p>\n","protected":false},"excerpt":{"rendered":"<p>T\u00e4m\u00e4 ulkoilujalkine tarjoaa Gore\u2011Tex\u2011vedenpit\u00e4vyyden ja teipatut saumat lenkkarimaisella keveydell\u00e4 ja vaimennuksella. Synteettisen nahan ja verkkoneuloksen yhdistelm\u00e4 tekee p\u00e4\u00e4llisest\u00e4 hengitt\u00e4v\u00e4n ja kest\u00e4v\u00e4n, kun taas kuminen varvassuoja lis\u00e4\u00e4 suojaa ep\u00e4tasaisessa maastossa. Kosteutta siirt\u00e4v\u00e4 sis\u00e4vuori ja anatomisesti muotoiltu, irrotettava EVA\u2011pohjallinen tuovat mukavuutta joka askeleelle. Kevyt EVA\u2011foam\u2011v\u00e4lipohja vaimentaa tehokkaasti, ja pit\u00e4v\u00e4 kumiseosulkopohja takaa varman pidon eri alustoilla. Cleansport NXT\u2122 [&hellip;]<\/p>\n","protected":false},"featured_media":60747,"template":"","meta":[],"product_brand":[1190],"product_cat":[949],"product_tag":[2011,2006],"class_list":{"0":"post-53373","1":"product","2":"type-product","3":"status-publish","4":"has-post-thumbnail","6":"product_brand-merrel","7":"product_cat-vaelluskengat-miehet","8":"product_tag-merrell","9":"product_tag-vaelluskengat","11":"first","12":"instock","13":"taxable","14":"shipping-taxable","15":"purchasable","16":"product-type-variable"},"jetpack_sharing_enabled":true,"_links":{"self":[{"href":"https:\/\/www.niskanen.fi\/verkkokauppa\/wp-json\/wp\/v2\/product\/53373","targetHints":{"allow":["GET"]}}],"collection":[{"href":"https:\/\/www.niskanen.fi\/verkkokauppa\/wp-json\/wp\/v2\/product"}],"about":[{"href":"https:\/\/www.niskanen.fi\/verkkokauppa\/wp-json\/wp\/v2\/types\/product"}],"version-history":[{"count":2,"href":"https:\/\/www.niskanen.fi\/verkkokauppa\/wp-json\/wp\/v2\/product\/53373\/revisions"}],"predecessor-version":[{"id":60753,"href":"https:\/\/www.niskanen.fi\/verkkokauppa\/wp-json\/wp\/v2\/product\/53373\/revisions\/60753"}],"wp:featuredmedia":[{"embeddable":true,"href":"https:\/\/www.niskanen.fi\/verkkokauppa\/wp-json\/wp\/v2\/media\/60747"}],"wp:attachment":[{"href":"https:\/\/www.niskanen.fi\/verkkokauppa\/wp-json\/wp\/v2\/media?parent=53373"}],"wp:term":[{"taxonomy":"product_brand","embeddable":true,"href":"https:\/\/www.niskanen.fi\/verkkokauppa\/wp-json\/wp\/v2\/product_brand?post=53373"},{"taxonomy":"product_cat","embeddable":true,"href":"https:\/\/www.niskanen.fi\/verkkokauppa\/wp-json\/wp\/v2\/product_cat?post=53373"},{"taxonomy":"product_tag","embeddable":true,"href":"https:\/\/www.niskanen.fi\/verkkokauppa\/wp-json\/wp\/v2\/product_tag?post=53373"}],"curies":[{"name":"wp","href":"https:\/\/api.w.org\/{rel}","templated":true}]}}