{"id":53394,"date":"2026-03-11T16:10:30","date_gmt":"2026-03-11T14:10:30","guid":{"rendered":"https:\/\/www.niskanen.fi\/verkkokauppa\/?post_type=product&#038;p=53394"},"modified":"2026-04-21T11:57:47","modified_gmt":"2026-04-21T09:57:47","slug":"merrell-speed-strike-2-gtx-w-vaelluskeng","status":"publish","type":"product","link":"https:\/\/www.niskanen.fi\/verkkokauppa\/tuote\/merrell-speed-strike-2-gtx-w-vaelluskeng\/","title":{"rendered":"MERRELL SPEED STRIKE 2 GTX W VAELLUSKENG"},"content":{"rendered":"<p>T\u00e4m\u00e4 ulkoilujalkine yhdist\u00e4\u00e4 Gore\u2011Tex\u2011vedenpit\u00e4vyyden ja teipatut saumat lenkkarimaisen keveyden ja vaimennuksen kanssa. Synteettisen nahan ja verkkoneuloksen p\u00e4\u00e4llinen hengitt\u00e4\u00e4 hyvin, ja kuminen varvassuoja lis\u00e4\u00e4 kest\u00e4vyytt\u00e4 vaihtelevassa maastossa. Kosteutta siirt\u00e4v\u00e4 sis\u00e4vuori sek\u00e4 anatomisesti muotoiltu, irrotettava EVA\u2011pohjallinen tuovat mukavuutta joka askeleelle.<\/p>\n<p>Kevyt EVA\u2011foam\u2011v\u00e4lipohja vaimentaa tehokkaasti, kun taas pit\u00e4v\u00e4 kumipohja takaa varman otteen poluilla. Cleansport NXT\u2122 \u2011k\u00e4sittely ehk\u00e4isee hajujen synty\u00e4, ja kierr\u00e4tysmateriaalien k\u00e4ytt\u00f6 tekee keng\u00e4st\u00e4 vastuullisen valinnan. Vegaaniyst\u00e4v\u00e4llinen rakenne viimeistelee kokonaisuuden.<\/p>\n","protected":false},"excerpt":{"rendered":"<p>T\u00e4m\u00e4 ulkoilujalkine yhdist\u00e4\u00e4 Gore\u2011Tex\u2011vedenpit\u00e4vyyden ja teipatut saumat lenkkarimaisen keveyden ja vaimennuksen kanssa. Synteettisen nahan ja verkkoneuloksen p\u00e4\u00e4llinen hengitt\u00e4\u00e4 hyvin, ja kuminen varvassuoja lis\u00e4\u00e4 kest\u00e4vyytt\u00e4 vaihtelevassa maastossa. Kosteutta siirt\u00e4v\u00e4 sis\u00e4vuori sek\u00e4 anatomisesti muotoiltu, irrotettava EVA\u2011pohjallinen tuovat mukavuutta joka askeleelle. Kevyt EVA\u2011foam\u2011v\u00e4lipohja vaimentaa tehokkaasti, kun taas pit\u00e4v\u00e4 kumipohja takaa varman otteen poluilla. Cleansport NXT\u2122 \u2011k\u00e4sittely ehk\u00e4isee hajujen [&hellip;]<\/p>\n","protected":false},"featured_media":60704,"template":"","meta":[],"product_brand":[1190],"product_cat":[950],"product_tag":[2011,2006],"class_list":{"0":"post-53394","1":"product","2":"type-product","3":"status-publish","4":"has-post-thumbnail","6":"product_brand-merrel","7":"product_cat-vaelluskengat-naiset","8":"product_tag-merrell","9":"product_tag-vaelluskengat","11":"first","12":"instock","13":"taxable","14":"shipping-taxable","15":"purchasable","16":"product-type-variable"},"jetpack_sharing_enabled":true,"_links":{"self":[{"href":"https:\/\/www.niskanen.fi\/verkkokauppa\/wp-json\/wp\/v2\/product\/53394","targetHints":{"allow":["GET"]}}],"collection":[{"href":"https:\/\/www.niskanen.fi\/verkkokauppa\/wp-json\/wp\/v2\/product"}],"about":[{"href":"https:\/\/www.niskanen.fi\/verkkokauppa\/wp-json\/wp\/v2\/types\/product"}],"version-history":[{"count":2,"href":"https:\/\/www.niskanen.fi\/verkkokauppa\/wp-json\/wp\/v2\/product\/53394\/revisions"}],"predecessor-version":[{"id":60710,"href":"https:\/\/www.niskanen.fi\/verkkokauppa\/wp-json\/wp\/v2\/product\/53394\/revisions\/60710"}],"wp:featuredmedia":[{"embeddable":true,"href":"https:\/\/www.niskanen.fi\/verkkokauppa\/wp-json\/wp\/v2\/media\/60704"}],"wp:attachment":[{"href":"https:\/\/www.niskanen.fi\/verkkokauppa\/wp-json\/wp\/v2\/media?parent=53394"}],"wp:term":[{"taxonomy":"product_brand","embeddable":true,"href":"https:\/\/www.niskanen.fi\/verkkokauppa\/wp-json\/wp\/v2\/product_brand?post=53394"},{"taxonomy":"product_cat","embeddable":true,"href":"https:\/\/www.niskanen.fi\/verkkokauppa\/wp-json\/wp\/v2\/product_cat?post=53394"},{"taxonomy":"product_tag","embeddable":true,"href":"https:\/\/www.niskanen.fi\/verkkokauppa\/wp-json\/wp\/v2\/product_tag?post=53394"}],"curies":[{"name":"wp","href":"https:\/\/api.w.org\/{rel}","templated":true}]}}