{"id":6132,"date":"2025-10-29T18:51:46","date_gmt":"2025-10-29T16:51:46","guid":{"rendered":"https:\/\/www.niskanen.fi\/verkkokauppa\/?post_type=product&#038;p=6132"},"modified":"2026-04-15T15:52:12","modified_gmt":"2026-04-15T13:52:12","slug":"twentyfour-mode-miko-thermal-m-miesten-kevytvanutakki","status":"publish","type":"product","link":"https:\/\/www.niskanen.fi\/verkkokauppa\/tuote\/twentyfour-mode-miko-thermal-m-miesten-kevytvanutakki\/","title":{"rendered":"TWENTYFOUR MODE MIKO THERMAL M -MIESTEN KEVYTVANUTAKKI"},"content":{"rendered":"<p data-start=\"610\" data-end=\"931\">Twentyfour kevytvanutakki miehille. Ohuella ja kevyell\u00e4 BamCoalTex-vanueristyksell\u00e4 varustettu takki j\u00e4ljittelee untuvan erinomaisia l\u00e4mm\u00f6neristysominaisuuksia ilman untuvan vuotamisen riski\u00e4 ja pit\u00e4\u00e4 l\u00e4mpim\u00e4n\u00e4 my\u00f6s kosteissa olosuhteissa.<\/p>\n<p data-start=\"933\" data-end=\"1196\">Uudistettu, pehme\u00e4 ja kevyt p\u00e4\u00e4llimateriaali tuntuu miellytt\u00e4v\u00e4lt\u00e4 ja tekee takista helpon k\u00e4ytt\u00e4\u00e4 arjessa sek\u00e4 aktiivisessa ulkoilussa. Takki toimii erinomaisesti v\u00e4likerroksena kuoritakin alla tai sellaisenaan p\u00e4\u00e4llystakkina leudoilla ja viileill\u00e4 s\u00e4ill\u00e4. T\u00e4ydellinen valinta ymp\u00e4rivuotiseen k\u00e4ytt\u00f6\u00f6n, ulkoiluun ja vaihteleviin s\u00e4\u00e4olosuhteisiin.<\/p>\n<p data-start=\"933\" data-end=\"1196\">Ominaisuudet:<\/p>\n<ul>\n<li data-start=\"933\" data-end=\"1196\">Veden- ja tuulenhylkiv\u00e4 materiaali<\/li>\n<li data-start=\"933\" data-end=\"1196\">PFC-vapaa kyll\u00e4stys<\/li>\n<li data-start=\"933\" data-end=\"1196\">SBS-vetoketjut<\/li>\n<li data-start=\"933\" data-end=\"1196\">Sivutaskut vetoketjulla<\/li>\n<li data-start=\"933\" data-end=\"1196\">Joustavat hihansuut<\/li>\n<li data-start=\"933\" data-end=\"1196\">S\u00e4\u00e4t\u00f6 takin helmassa<\/li>\n<\/ul>\n<p data-start=\"1198\" data-end=\"1287\">\n","protected":false},"excerpt":{"rendered":"<p>Twentyfour kevytvanutakki miehille. Ohuella ja kevyell\u00e4 BamCoalTex-vanueristyksell\u00e4 varustettu takki j\u00e4ljittelee untuvan erinomaisia l\u00e4mm\u00f6neristysominaisuuksia ilman untuvan vuotamisen riski\u00e4 ja pit\u00e4\u00e4 l\u00e4mpim\u00e4n\u00e4 my\u00f6s kosteissa olosuhteissa. Uudistettu, pehme\u00e4 ja kevyt p\u00e4\u00e4llimateriaali tuntuu miellytt\u00e4v\u00e4lt\u00e4 ja tekee takista helpon k\u00e4ytt\u00e4\u00e4 arjessa sek\u00e4 aktiivisessa ulkoilussa. Takki toimii erinomaisesti v\u00e4likerroksena kuoritakin alla tai sellaisenaan p\u00e4\u00e4llystakkina leudoilla ja viileill\u00e4 s\u00e4ill\u00e4. T\u00e4ydellinen valinta ymp\u00e4rivuotiseen [&hellip;]<\/p>\n","protected":false},"featured_media":21224,"template":"","meta":[],"product_brand":[1216],"product_cat":[68],"product_tag":[1229,1285,1217],"class_list":{"0":"post-6132","1":"product","2":"type-product","3":"status-publish","4":"has-post-thumbnail","6":"product_brand-twentyfour","7":"product_cat-kevyttoppatakit-miehet","8":"product_tag-miesten-kevyttoppatakit","9":"product_tag-miesten-toppa-asut","10":"product_tag-miesten-vaatteet","12":"first","13":"instock","14":"sale","15":"taxable","16":"shipping-taxable","17":"purchasable","18":"product-type-variable"},"jetpack_sharing_enabled":true,"_links":{"self":[{"href":"https:\/\/www.niskanen.fi\/verkkokauppa\/wp-json\/wp\/v2\/product\/6132","targetHints":{"allow":["GET"]}}],"collection":[{"href":"https:\/\/www.niskanen.fi\/verkkokauppa\/wp-json\/wp\/v2\/product"}],"about":[{"href":"https:\/\/www.niskanen.fi\/verkkokauppa\/wp-json\/wp\/v2\/types\/product"}],"version-history":[{"count":1,"href":"https:\/\/www.niskanen.fi\/verkkokauppa\/wp-json\/wp\/v2\/product\/6132\/revisions"}],"predecessor-version":[{"id":21223,"href":"https:\/\/www.niskanen.fi\/verkkokauppa\/wp-json\/wp\/v2\/product\/6132\/revisions\/21223"}],"wp:featuredmedia":[{"embeddable":true,"href":"https:\/\/www.niskanen.fi\/verkkokauppa\/wp-json\/wp\/v2\/media\/21224"}],"wp:attachment":[{"href":"https:\/\/www.niskanen.fi\/verkkokauppa\/wp-json\/wp\/v2\/media?parent=6132"}],"wp:term":[{"taxonomy":"product_brand","embeddable":true,"href":"https:\/\/www.niskanen.fi\/verkkokauppa\/wp-json\/wp\/v2\/product_brand?post=6132"},{"taxonomy":"product_cat","embeddable":true,"href":"https:\/\/www.niskanen.fi\/verkkokauppa\/wp-json\/wp\/v2\/product_cat?post=6132"},{"taxonomy":"product_tag","embeddable":true,"href":"https:\/\/www.niskanen.fi\/verkkokauppa\/wp-json\/wp\/v2\/product_tag?post=6132"}],"curies":[{"name":"wp","href":"https:\/\/api.w.org\/{rel}","templated":true}]}}