{"id":61347,"date":"2026-03-23T12:01:52","date_gmt":"2026-03-23T10:01:52","guid":{"rendered":"https:\/\/www.niskanen.fi\/verkkokauppa\/?post_type=product&#038;p=61347"},"modified":"2026-04-15T15:42:28","modified_gmt":"2026-04-15T13:42:28","slug":"luhta-elielranta-w-paita","status":"publish","type":"product","link":"https:\/\/www.niskanen.fi\/verkkokauppa\/tuote\/luhta-elielranta-w-paita\/","title":{"rendered":"LUHTA ELIELRANTA W PAITA"},"content":{"rendered":"<div>\n<p>T\u00e4m\u00e4 Luhta naisten paita yhdist\u00e4\u00e4 mukavuuden, toiminnallisuuden ja tyylikk\u00e4\u00e4n ulkon\u00e4\u00f6n. Normaali mitoitus, kolmenelj\u00e4sosahihat ja py\u00f6re\u00e4 p\u00e4\u00e4ntie tekev\u00e4t paidasta monik\u00e4ytt\u00f6isen valinnan arkeen, ulkoiluun ja rennolle vapaa-ajalle. Kauttaaltaan kuvioitu pinta tuo asuun huolitellun ilmeen ilman kompromisseja k\u00e4ytt\u00f6mukavuudessa.<\/p>\n<p>Nelj\u00e4\u00ad\u00e4\u00e4n suuntaan joustava stretch-materiaali tarjoaa erinomaisen liikkuvuuden ja istuvuuden, joten paita sopii loistavasti my\u00f6s aktiivisempaan menoon. Kevyt ja miellytt\u00e4v\u00e4 materiaaliyhdistelm\u00e4 tekee siit\u00e4 varman suosikin ymp\u00e4rivuotiseen k\u00e4ytt\u00f6\u00f6n.<\/p>\n<p>Ominaisuudet:<\/p>\n<ul>\n<li>Normaali mitoitus<\/li>\n<li>Kolmenelj\u00e4sosahihat<\/li>\n<li>Py\u00f6re\u00e4 p\u00e4\u00e4ntie<\/li>\n<li>Kauttaaltaan tyylikk\u00e4\u00e4sti kuvioitu<\/li>\n<li>Sopii sek\u00e4 aktiiviseen ett\u00e4 rentoon liikkumiseen<\/li>\n<li>Nelj\u00e4\u00e4n suuntaan joustava stretch-materiaali<\/li>\n<li>Materiaali: 86% polyamidi, 12% elastaani, 2% polyesteri<\/li>\n<\/ul>\n<\/div>\n","protected":false},"excerpt":{"rendered":"<p>T\u00e4m\u00e4 Luhta naisten paita yhdist\u00e4\u00e4 mukavuuden, toiminnallisuuden ja tyylikk\u00e4\u00e4n ulkon\u00e4\u00f6n. Normaali mitoitus, kolmenelj\u00e4sosahihat ja py\u00f6re\u00e4 p\u00e4\u00e4ntie tekev\u00e4t paidasta monik\u00e4ytt\u00f6isen valinnan arkeen, ulkoiluun ja rennolle vapaa-ajalle. Kauttaaltaan kuvioitu pinta tuo asuun huolitellun ilmeen ilman kompromisseja k\u00e4ytt\u00f6mukavuudessa. Nelj\u00e4\u00ad\u00e4\u00e4n suuntaan joustava stretch-materiaali tarjoaa erinomaisen liikkuvuuden ja istuvuuden, joten paita sopii loistavasti my\u00f6s aktiivisempaan menoon. Kevyt ja miellytt\u00e4v\u00e4 materiaaliyhdistelm\u00e4 [&hellip;]<\/p>\n","protected":false},"featured_media":61445,"template":"","meta":[],"product_brand":[1188],"product_cat":[114],"product_tag":[2037,2035,2039,2036,2033,2034,2038],"class_list":{"0":"post-61347","1":"product","2":"type-product","3":"status-publish","4":"has-post-thumbnail","6":"product_brand-luhta","7":"product_cat-t-paidat-naiset","8":"product_tag-aktiivivaatteet-naisille","9":"product_tag-joustava-paita-naisille","10":"product_tag-kolmeneljasosahihainen-paita","11":"product_tag-kuviollinen-paita-naisille","12":"product_tag-luhta-naisten-paita","13":"product_tag-naisten-stretch-paita","14":"product_tag-naisten-vapaa-ajan-paita","16":"first","17":"instock","18":"taxable","19":"shipping-taxable","20":"purchasable","21":"product-type-variable"},"jetpack_sharing_enabled":true,"_links":{"self":[{"href":"https:\/\/www.niskanen.fi\/verkkokauppa\/wp-json\/wp\/v2\/product\/61347","targetHints":{"allow":["GET"]}}],"collection":[{"href":"https:\/\/www.niskanen.fi\/verkkokauppa\/wp-json\/wp\/v2\/product"}],"about":[{"href":"https:\/\/www.niskanen.fi\/verkkokauppa\/wp-json\/wp\/v2\/types\/product"}],"version-history":[{"count":2,"href":"https:\/\/www.niskanen.fi\/verkkokauppa\/wp-json\/wp\/v2\/product\/61347\/revisions"}],"predecessor-version":[{"id":61471,"href":"https:\/\/www.niskanen.fi\/verkkokauppa\/wp-json\/wp\/v2\/product\/61347\/revisions\/61471"}],"wp:featuredmedia":[{"embeddable":true,"href":"https:\/\/www.niskanen.fi\/verkkokauppa\/wp-json\/wp\/v2\/media\/61445"}],"wp:attachment":[{"href":"https:\/\/www.niskanen.fi\/verkkokauppa\/wp-json\/wp\/v2\/media?parent=61347"}],"wp:term":[{"taxonomy":"product_brand","embeddable":true,"href":"https:\/\/www.niskanen.fi\/verkkokauppa\/wp-json\/wp\/v2\/product_brand?post=61347"},{"taxonomy":"product_cat","embeddable":true,"href":"https:\/\/www.niskanen.fi\/verkkokauppa\/wp-json\/wp\/v2\/product_cat?post=61347"},{"taxonomy":"product_tag","embeddable":true,"href":"https:\/\/www.niskanen.fi\/verkkokauppa\/wp-json\/wp\/v2\/product_tag?post=61347"}],"curies":[{"name":"wp","href":"https:\/\/api.w.org\/{rel}","templated":true}]}}