{"id":63906,"date":"2026-03-27T10:15:40","date_gmt":"2026-03-27T08:15:40","guid":{"rendered":"https:\/\/www.niskanen.fi\/verkkokauppa\/?post_type=product&#038;p=63906"},"modified":"2026-04-15T15:14:40","modified_gmt":"2026-04-15T13:14:40","slug":"hoka-m-speedgoat-7-wide-maastojuoksukeng","status":"publish","type":"product","link":"https:\/\/www.niskanen.fi\/verkkokauppa\/tuote\/hoka-m-speedgoat-7-wide-maastojuoksukeng\/","title":{"rendered":"HOKA M SPEEDGOAT 7 WIDE MAASTOJUOKSUKENG"},"content":{"rendered":"<p data-start=\"72\" data-end=\"508\" data-is-last-node=\"\" data-is-only-node=\"\">Uusi SCF-v\u00e4lipohjamateriaali lis\u00e4\u00e4 kimmoisuutta, tehden Speedgoat 7 responsiivisemman kuin koskaan. T\u00e4m\u00e4 huolellisesti viimeistelty p\u00e4ivitys s\u00e4ilytt\u00e4\u00e4 tutun istuvuuden ja pidon, mutta parantaa mukavuutta muotoillulla kantakauluksella.&nbsp;<\/p>\n<ul>\n<li>kanta 37mm \/p\u00e4ki\u00e4 33mm<\/li>\n<li>Drop:4 mm<\/li>\n<li>Paino miehet 282g (koko us9)<\/li>\n<li>Kevyt RPET-kierr\u00e4tys pintamateriaali,<\/li>\n<li>V\u00e4lipohja materiaali on kimmoisa ja juoksutuntumaltaan herkempi kuin SG 6&nbsp;<\/li>\n<li>Varvasosan istuvuutta parannettu ja tilavuutta lis\u00e4tty.<\/li>\n<li>5mm kuviolla varustettu Vibram MegaGrip pohja<\/li>\n<\/ul>\n","protected":false},"excerpt":{"rendered":"<p>Uusi SCF-v\u00e4lipohjamateriaali lis\u00e4\u00e4 kimmoisuutta, tehden Speedgoat 7 responsiivisemman kuin koskaan. T\u00e4m\u00e4 huolellisesti viimeistelty p\u00e4ivitys s\u00e4ilytt\u00e4\u00e4 tutun istuvuuden ja pidon, mutta parantaa mukavuutta muotoillulla kantakauluksella.&nbsp; kanta 37mm \/p\u00e4ki\u00e4 33mm Drop:4 mm Paino miehet 282g (koko us9) Kevyt RPET-kierr\u00e4tys pintamateriaali, V\u00e4lipohja materiaali on kimmoisa ja juoksutuntumaltaan herkempi kuin SG 6&nbsp; Varvasosan istuvuutta parannettu ja tilavuutta lis\u00e4tty. 5mm [&hellip;]<\/p>\n","protected":false},"featured_media":63927,"template":"","meta":[],"product_brand":[1195],"product_cat":[903,1251,1253],"product_tag":[1311,1279],"class_list":{"0":"post-63906","1":"product","2":"type-product","3":"status-publish","4":"has-post-thumbnail","6":"product_brand-hoka","7":"product_cat-juoksukengat-miehet","8":"product_cat-kengat","9":"product_cat-miesten-kengat","10":"product_tag-miesten-juoksukengat","11":"product_tag-miesten-kengat","13":"first","14":"instock","15":"taxable","16":"shipping-taxable","17":"purchasable","18":"product-type-variable"},"jetpack_sharing_enabled":true,"_links":{"self":[{"href":"https:\/\/www.niskanen.fi\/verkkokauppa\/wp-json\/wp\/v2\/product\/63906","targetHints":{"allow":["GET"]}}],"collection":[{"href":"https:\/\/www.niskanen.fi\/verkkokauppa\/wp-json\/wp\/v2\/product"}],"about":[{"href":"https:\/\/www.niskanen.fi\/verkkokauppa\/wp-json\/wp\/v2\/types\/product"}],"version-history":[{"count":2,"href":"https:\/\/www.niskanen.fi\/verkkokauppa\/wp-json\/wp\/v2\/product\/63906\/revisions"}],"predecessor-version":[{"id":63930,"href":"https:\/\/www.niskanen.fi\/verkkokauppa\/wp-json\/wp\/v2\/product\/63906\/revisions\/63930"}],"wp:featuredmedia":[{"embeddable":true,"href":"https:\/\/www.niskanen.fi\/verkkokauppa\/wp-json\/wp\/v2\/media\/63927"}],"wp:attachment":[{"href":"https:\/\/www.niskanen.fi\/verkkokauppa\/wp-json\/wp\/v2\/media?parent=63906"}],"wp:term":[{"taxonomy":"product_brand","embeddable":true,"href":"https:\/\/www.niskanen.fi\/verkkokauppa\/wp-json\/wp\/v2\/product_brand?post=63906"},{"taxonomy":"product_cat","embeddable":true,"href":"https:\/\/www.niskanen.fi\/verkkokauppa\/wp-json\/wp\/v2\/product_cat?post=63906"},{"taxonomy":"product_tag","embeddable":true,"href":"https:\/\/www.niskanen.fi\/verkkokauppa\/wp-json\/wp\/v2\/product_tag?post=63906"}],"curies":[{"name":"wp","href":"https:\/\/api.w.org\/{rel}","templated":true}]}}