{"id":64982,"date":"2026-03-30T11:21:00","date_gmt":"2026-03-30T09:21:00","guid":{"rendered":"https:\/\/www.niskanen.fi\/verkkokauppa\/?post_type=product&#038;p=64982"},"modified":"2026-04-15T16:03:53","modified_gmt":"2026-04-15T14:03:53","slug":"icaniwill-everyday-w-huppari","status":"publish","type":"product","link":"https:\/\/www.niskanen.fi\/verkkokauppa\/tuote\/icaniwill-everyday-w-huppari\/","title":{"rendered":"ICANIWILL EVERYDAY W HUPPARI"},"content":{"rendered":"<p>Pehme\u00e4 ja v\u00e4lj\u00e4 huppari rentoon oleiluun, treeniin tai arjen k\u00e4ytt\u00f6\u00f6n. Oversize\u2011malli tarjoaa maksimaalisen mukavuuden, ja harjattu puuvilla\u2011polyesterisekoite tuntuu miellytt\u00e4v\u00e4lt\u00e4 ihoa vasten. Kengurutasku ja ilmava siluetti tekev\u00e4t hupparista helpon valinnan joka tilanteeseen.<\/p>\n<ul>\n<li>V\u00e4lj\u00e4 oversize\u2011istuvuus<\/li>\n<li>Pehme\u00e4 harjattu sis\u00e4pinta<\/li>\n<li>Kengurutasku<\/li>\n<li>60% puuvilla, 40% polyesteri<\/li>\n<\/ul>\n","protected":false},"excerpt":{"rendered":"<p>Pehme\u00e4 ja v\u00e4lj\u00e4 huppari rentoon oleiluun, treeniin tai arjen k\u00e4ytt\u00f6\u00f6n. Oversize\u2011malli tarjoaa maksimaalisen mukavuuden, ja harjattu puuvilla\u2011polyesterisekoite tuntuu miellytt\u00e4v\u00e4lt\u00e4 ihoa vasten. Kengurutasku ja ilmava siluetti tekev\u00e4t hupparista helpon valinnan joka tilanteeseen. V\u00e4lj\u00e4 oversize\u2011istuvuus Pehme\u00e4 harjattu sis\u00e4pinta Kengurutasku 60% puuvilla, 40% polyesteri<\/p>\n","protected":false},"featured_media":85791,"template":"","meta":[],"product_brand":[1811],"product_cat":[132,1255,1446],"product_tag":[1263,1257,1213],"class_list":{"0":"post-64982","1":"product","2":"type-product","3":"status-publish","4":"has-post-thumbnail","6":"product_brand-icaniwill","7":"product_cat-collegehupparit-naiset","8":"product_cat-kaikki-naisten-vaatteet","9":"product_cat-naisten-collegeasut","10":"product_tag-naisten-collegeasut","11":"product_tag-naisten-hupparit","12":"product_tag-naisten-vaatteet","14":"first","15":"instock","16":"taxable","17":"shipping-taxable","18":"purchasable","19":"product-type-variable"},"jetpack_sharing_enabled":true,"_links":{"self":[{"href":"https:\/\/www.niskanen.fi\/verkkokauppa\/wp-json\/wp\/v2\/product\/64982","targetHints":{"allow":["GET"]}}],"collection":[{"href":"https:\/\/www.niskanen.fi\/verkkokauppa\/wp-json\/wp\/v2\/product"}],"about":[{"href":"https:\/\/www.niskanen.fi\/verkkokauppa\/wp-json\/wp\/v2\/types\/product"}],"version-history":[{"count":1,"href":"https:\/\/www.niskanen.fi\/verkkokauppa\/wp-json\/wp\/v2\/product\/64982\/revisions"}],"predecessor-version":[{"id":65260,"href":"https:\/\/www.niskanen.fi\/verkkokauppa\/wp-json\/wp\/v2\/product\/64982\/revisions\/65260"}],"wp:featuredmedia":[{"embeddable":true,"href":"https:\/\/www.niskanen.fi\/verkkokauppa\/wp-json\/wp\/v2\/media\/85791"}],"wp:attachment":[{"href":"https:\/\/www.niskanen.fi\/verkkokauppa\/wp-json\/wp\/v2\/media?parent=64982"}],"wp:term":[{"taxonomy":"product_brand","embeddable":true,"href":"https:\/\/www.niskanen.fi\/verkkokauppa\/wp-json\/wp\/v2\/product_brand?post=64982"},{"taxonomy":"product_cat","embeddable":true,"href":"https:\/\/www.niskanen.fi\/verkkokauppa\/wp-json\/wp\/v2\/product_cat?post=64982"},{"taxonomy":"product_tag","embeddable":true,"href":"https:\/\/www.niskanen.fi\/verkkokauppa\/wp-json\/wp\/v2\/product_tag?post=64982"}],"curies":[{"name":"wp","href":"https:\/\/api.w.org\/{rel}","templated":true}]}}