{"id":65263,"date":"2026-03-30T15:00:18","date_gmt":"2026-03-30T13:00:18","guid":{"rendered":"https:\/\/www.niskanen.fi\/verkkokauppa\/?post_type=product&#038;p=65263"},"modified":"2026-04-15T15:54:17","modified_gmt":"2026-04-15T13:54:17","slug":"craft-core-dry-mid-sukat-3-pr","status":"publish","type":"product","link":"https:\/\/www.niskanen.fi\/verkkokauppa\/tuote\/craft-core-dry-mid-sukat-3-pr\/","title":{"rendered":"CRAFT CORE DRY MID SUKAT 3 PR"},"content":{"rendered":"<p>Tekniset treeni\/juoksusukat tarjoavat erinomaisen kosteudensiirron, tuuletuksen ja kaarituen. Vahvistetut varpaat ja kantap\u00e4\u00e4t. Pakkaus sis\u00e4lt\u00e4\u00e4 3 paria sukkia.<\/p>\n<ul>\n<li>98% polyamidi, 2% elastaani<\/li>\n<\/ul>\n","protected":false},"excerpt":{"rendered":"<p>Tekniset treeni\/juoksusukat tarjoavat erinomaisen kosteudensiirron, tuuletuksen ja kaarituen. Vahvistetut varpaat ja kantap\u00e4\u00e4t. Pakkaus sis\u00e4lt\u00e4\u00e4 3 paria sukkia. 98% polyamidi, 2% elastaani<\/p>\n","protected":false},"featured_media":66448,"template":"","meta":[],"product_brand":[],"product_cat":[1255,887,878,295],"product_tag":[1981,1294,1213,1295],"class_list":{"0":"post-65263","1":"product","2":"type-product","3":"status-publish","4":"has-post-thumbnail","6":"product_cat-kaikki-naisten-vaatteet","7":"product_cat-muut-sukat","8":"product_cat-muut-vaatteet-ja-asusteet","9":"product_cat-sukat","10":"product_tag-muut-sukat","11":"product_tag-muut-vaatteet-ja-asusteet","12":"product_tag-naisten-vaatteet","13":"product_tag-sukat","15":"first","16":"instock","17":"taxable","18":"shipping-taxable","19":"purchasable","20":"product-type-variable"},"jetpack_sharing_enabled":true,"_links":{"self":[{"href":"https:\/\/www.niskanen.fi\/verkkokauppa\/wp-json\/wp\/v2\/product\/65263","targetHints":{"allow":["GET"]}}],"collection":[{"href":"https:\/\/www.niskanen.fi\/verkkokauppa\/wp-json\/wp\/v2\/product"}],"about":[{"href":"https:\/\/www.niskanen.fi\/verkkokauppa\/wp-json\/wp\/v2\/types\/product"}],"version-history":[{"count":2,"href":"https:\/\/www.niskanen.fi\/verkkokauppa\/wp-json\/wp\/v2\/product\/65263\/revisions"}],"predecessor-version":[{"id":66451,"href":"https:\/\/www.niskanen.fi\/verkkokauppa\/wp-json\/wp\/v2\/product\/65263\/revisions\/66451"}],"wp:featuredmedia":[{"embeddable":true,"href":"https:\/\/www.niskanen.fi\/verkkokauppa\/wp-json\/wp\/v2\/media\/66448"}],"wp:attachment":[{"href":"https:\/\/www.niskanen.fi\/verkkokauppa\/wp-json\/wp\/v2\/media?parent=65263"}],"wp:term":[{"taxonomy":"product_brand","embeddable":true,"href":"https:\/\/www.niskanen.fi\/verkkokauppa\/wp-json\/wp\/v2\/product_brand?post=65263"},{"taxonomy":"product_cat","embeddable":true,"href":"https:\/\/www.niskanen.fi\/verkkokauppa\/wp-json\/wp\/v2\/product_cat?post=65263"},{"taxonomy":"product_tag","embeddable":true,"href":"https:\/\/www.niskanen.fi\/verkkokauppa\/wp-json\/wp\/v2\/product_tag?post=65263"}],"curies":[{"name":"wp","href":"https:\/\/api.w.org\/{rel}","templated":true}]}}