{"id":8356,"date":"2025-10-29T19:07:44","date_gmt":"2025-10-29T17:07:44","guid":{"rendered":"https:\/\/www.niskanen.fi\/verkkokauppa\/?post_type=product&#038;p=8356"},"modified":"2026-04-27T13:24:29","modified_gmt":"2026-04-27T11:24:29","slug":"energetics-thilo-m-shortsi","status":"publish","type":"product","link":"https:\/\/www.niskanen.fi\/verkkokauppa\/tuote\/energetics-thilo-m-shortsi\/","title":{"rendered":"ENERGETICS THILO M SHORTSI"},"content":{"rendered":"<p><strong>Miesten kevyet treeni\u2011 ja juoksushortsit, jotka hengitt\u00e4v\u00e4t hyvin ja siirt\u00e4v\u00e4t kosteutta tehokkaasti Dry Plus \u2011teknologian ansiosta.<\/strong><\/p>\n<p>Nelj\u00e4\u00e4n suuntaan joustava materiaali tekee shortseista mukavat ja vapaat liikkeess\u00e4. Joustava vy\u00f6t\u00e4r\u00f6 kiristysny\u00f6rill\u00e4 takaa hyv\u00e4n istuvuuden, ja sivujen avotaskut tuovat k\u00e4yt\u00e4nn\u00f6llisyytt\u00e4 treeniin ja arkeen.<\/p>\n<p><strong>Ominaisuudet:<\/strong><\/p>\n<ul>\n<li>Joustava vy\u00f6t\u00e4r\u00f6 kiristysny\u00f6rill\u00e4<\/li>\n<li>Nelj\u00e4\u00e4n suuntaan joustava materiaali<\/li>\n<li>Kaksi avointa sivutaskua<\/li>\n<li>Materiaali: 92 % polyesteri, 8 % elastaani<\/li>\n<\/ul>\n<p>&nbsp;<\/p>\n","protected":false},"excerpt":{"rendered":"<p>Miesten kevyet treeni\u2011 ja juoksushortsit, jotka hengitt\u00e4v\u00e4t hyvin ja siirt\u00e4v\u00e4t kosteutta tehokkaasti Dry Plus \u2011teknologian ansiosta. Nelj\u00e4\u00e4n suuntaan joustava materiaali tekee shortseista mukavat ja vapaat liikkeess\u00e4. Joustava vy\u00f6t\u00e4r\u00f6 kiristysny\u00f6rill\u00e4 takaa hyv\u00e4n istuvuuden, ja sivujen avotaskut tuovat k\u00e4yt\u00e4nn\u00f6llisyytt\u00e4 treeniin ja arkeen. Ominaisuudet: Joustava vy\u00f6t\u00e4r\u00f6 kiristysny\u00f6rill\u00e4 Nelj\u00e4\u00e4n suuntaan joustava materiaali Kaksi avointa sivutaskua Materiaali: 92 % polyesteri, [&hellip;]<\/p>\n","protected":false},"featured_media":118902,"template":"","meta":[],"product_brand":[1211],"product_cat":[1432,1456,180,800],"product_tag":[1996,2116,1244],"class_list":{"0":"post-8356","1":"product","2":"type-product","3":"status-publish","4":"has-post-thumbnail","6":"product_brand-energetics","7":"product_cat-kaikki-miesten-vaatteet","8":"product_cat-miesten-treenivaatteet","9":"product_cat-treenishortsit-miehet","10":"product_cat-treenivaatteet","11":"product_tag-energetics","12":"product_tag-shortsit","13":"product_tag-treenivaatteet","15":"first","16":"instock","17":"taxable","18":"shipping-taxable","19":"purchasable","20":"product-type-variable"},"jetpack_sharing_enabled":true,"_links":{"self":[{"href":"https:\/\/www.niskanen.fi\/verkkokauppa\/wp-json\/wp\/v2\/product\/8356","targetHints":{"allow":["GET"]}}],"collection":[{"href":"https:\/\/www.niskanen.fi\/verkkokauppa\/wp-json\/wp\/v2\/product"}],"about":[{"href":"https:\/\/www.niskanen.fi\/verkkokauppa\/wp-json\/wp\/v2\/types\/product"}],"version-history":[{"count":2,"href":"https:\/\/www.niskanen.fi\/verkkokauppa\/wp-json\/wp\/v2\/product\/8356\/revisions"}],"predecessor-version":[{"id":118907,"href":"https:\/\/www.niskanen.fi\/verkkokauppa\/wp-json\/wp\/v2\/product\/8356\/revisions\/118907"}],"wp:featuredmedia":[{"embeddable":true,"href":"https:\/\/www.niskanen.fi\/verkkokauppa\/wp-json\/wp\/v2\/media\/118902"}],"wp:attachment":[{"href":"https:\/\/www.niskanen.fi\/verkkokauppa\/wp-json\/wp\/v2\/media?parent=8356"}],"wp:term":[{"taxonomy":"product_brand","embeddable":true,"href":"https:\/\/www.niskanen.fi\/verkkokauppa\/wp-json\/wp\/v2\/product_brand?post=8356"},{"taxonomy":"product_cat","embeddable":true,"href":"https:\/\/www.niskanen.fi\/verkkokauppa\/wp-json\/wp\/v2\/product_cat?post=8356"},{"taxonomy":"product_tag","embeddable":true,"href":"https:\/\/www.niskanen.fi\/verkkokauppa\/wp-json\/wp\/v2\/product_tag?post=8356"}],"curies":[{"name":"wp","href":"https:\/\/api.w.org\/{rel}","templated":true}]}}