{"id":9532,"date":"2025-10-29T19:16:32","date_gmt":"2025-10-29T17:16:32","guid":{"rendered":"https:\/\/www.niskanen.fi\/verkkokauppa\/?post_type=product&#038;p=9532"},"modified":"2026-04-21T11:55:54","modified_gmt":"2026-04-21T09:55:54","slug":"merrell-moab-3-mid-gtx-m-miesten-vaelluskenka","status":"publish","type":"product","link":"https:\/\/www.niskanen.fi\/verkkokauppa\/tuote\/merrell-moab-3-mid-gtx-m-miesten-vaelluskenka\/","title":{"rendered":"MERRELL MOAB 3 MID GTX M -MIESTEN VAELLUSKENG\u00c4T"},"content":{"rendered":"<p>MERRELLin klassikkomalli. Kevyt ja vedenpit\u00e4v\u00e4 GORE-TEX ulkoilujalkine, jossa pit\u00e4v\u00e4 Vibram-ulkopohja.<\/p>\n<p>Ominaisuudet:<\/p>\n<ul>\n<li>T\u00e4ysin vedenpit\u00e4v\u00e4 GORE-TEX rakenne jossa my\u00f6s teipatut saumat<\/li>\n<li>P\u00e4\u00e4llinen nahkaa ja verkkoneulosta<\/li>\n<li>100% kierr\u00e4tysmateriaalista valmistetut nauhat ja nauhalenkit<\/li>\n<li>K\u00e4rjess\u00e4 kuminen varvassuoja<\/li>\n<li>Yhten\u00e4inen ilttirakenne suojaa jalkineen sis\u00e4osia roskilta<\/li>\n<li>100% kierr\u00e4tysmateriaalista valmistettu sis\u00e4vuori<\/li>\n<li>Anatomisesti muotoiltu ja irrotettava KineticFit Advanced mukavuuspohjallinen lis\u00e4vaimennuspaloilla<\/li>\n<li>Super kevyt ja vaimentava SRC v\u00e4lipohja (Superior Rebound Combound)<\/li>\n<li>V\u00e4lipohjassa Nylon-vahvike parantamassa tukea maastossa<\/li>\n<li>Kannassa Air Cushion vaimennus<\/li>\n<li>Pit\u00e4v\u00e4 ja kest\u00e4v\u00e4 Vibram TC5+ ulkopohja<\/li>\n<\/ul>\n","protected":false},"excerpt":{"rendered":"<p>MERRELLin klassikkomalli. Kevyt ja vedenpit\u00e4v\u00e4 GORE-TEX ulkoilujalkine, jossa pit\u00e4v\u00e4 Vibram-ulkopohja. Ominaisuudet: T\u00e4ysin vedenpit\u00e4v\u00e4 GORE-TEX rakenne jossa my\u00f6s teipatut saumat P\u00e4\u00e4llinen nahkaa ja verkkoneulosta 100% kierr\u00e4tysmateriaalista valmistetut nauhat ja nauhalenkit K\u00e4rjess\u00e4 kuminen varvassuoja Yhten\u00e4inen ilttirakenne suojaa jalkineen sis\u00e4osia roskilta 100% kierr\u00e4tysmateriaalista valmistettu sis\u00e4vuori Anatomisesti muotoiltu ja irrotettava KineticFit Advanced mukavuuspohjallinen lis\u00e4vaimennuspaloilla Super kevyt ja vaimentava SRC [&hellip;]<\/p>\n","protected":false},"featured_media":20514,"template":"","meta":[],"product_brand":[1190],"product_cat":[952],"product_tag":[1281,1279,1381,1382],"class_list":{"0":"post-9532","1":"product","2":"type-product","3":"status-publish","4":"has-post-thumbnail","6":"product_brand-merrel","7":"product_cat-retkeilykengat-mid-miehet","8":"product_tag-kengat","9":"product_tag-miesten-kengat","10":"product_tag-miesten-retkeilykengat","11":"product_tag-miesten-vaelluskengat","13":"first","14":"instock","15":"sale","16":"taxable","17":"shipping-taxable","18":"purchasable","19":"product-type-variable"},"jetpack_sharing_enabled":true,"_links":{"self":[{"href":"https:\/\/www.niskanen.fi\/verkkokauppa\/wp-json\/wp\/v2\/product\/9532","targetHints":{"allow":["GET"]}}],"collection":[{"href":"https:\/\/www.niskanen.fi\/verkkokauppa\/wp-json\/wp\/v2\/product"}],"about":[{"href":"https:\/\/www.niskanen.fi\/verkkokauppa\/wp-json\/wp\/v2\/types\/product"}],"version-history":[{"count":1,"href":"https:\/\/www.niskanen.fi\/verkkokauppa\/wp-json\/wp\/v2\/product\/9532\/revisions"}],"predecessor-version":[{"id":20520,"href":"https:\/\/www.niskanen.fi\/verkkokauppa\/wp-json\/wp\/v2\/product\/9532\/revisions\/20520"}],"wp:featuredmedia":[{"embeddable":true,"href":"https:\/\/www.niskanen.fi\/verkkokauppa\/wp-json\/wp\/v2\/media\/20514"}],"wp:attachment":[{"href":"https:\/\/www.niskanen.fi\/verkkokauppa\/wp-json\/wp\/v2\/media?parent=9532"}],"wp:term":[{"taxonomy":"product_brand","embeddable":true,"href":"https:\/\/www.niskanen.fi\/verkkokauppa\/wp-json\/wp\/v2\/product_brand?post=9532"},{"taxonomy":"product_cat","embeddable":true,"href":"https:\/\/www.niskanen.fi\/verkkokauppa\/wp-json\/wp\/v2\/product_cat?post=9532"},{"taxonomy":"product_tag","embeddable":true,"href":"https:\/\/www.niskanen.fi\/verkkokauppa\/wp-json\/wp\/v2\/product_tag?post=9532"}],"curies":[{"name":"wp","href":"https:\/\/api.w.org\/{rel}","templated":true}]}}