{"id":9573,"date":"2025-10-29T19:16:50","date_gmt":"2025-10-29T17:16:50","guid":{"rendered":"https:\/\/www.niskanen.fi\/verkkokauppa\/?post_type=product&#038;p=9573"},"modified":"2026-04-07T14:51:32","modified_gmt":"2026-04-07T12:51:32","slug":"merrell-marquette-thermo-lace-wp-w-naisten-talvikengat","status":"publish","type":"product","link":"https:\/\/www.niskanen.fi\/verkkokauppa\/tuote\/merrell-marquette-thermo-lace-wp-w-naisten-talvikengat\/","title":{"rendered":"MERRELL MARQUETTE THERMO LACE WP W -NAISTEN TALVIKENG\u00c4T"},"content":{"rendered":"<p>MERRELL Marquette Thermo Lace Wp naisten talvikeng\u00e4t ulkoiluun ja vapaa-aikaan.<\/p>\n<p>Ominaisuudet:<\/p>\n<ul>\n<li>T\u00e4ysin vedenpit\u00e4v\u00e4 kalvo<\/li>\n<li>Vedenpit\u00e4v\u00e4 mokkanahkap\u00e4\u00e4llinen<\/li>\n<li>Mukana kahden v\u00e4riset nauhat<\/li>\n<li>100% kierr\u00e4tetyt nauhat<\/li>\n<li>Kuminen k\u00e4rki suojaa varpaita<\/li>\n<li>Keinoturkis ja fleecevuori<\/li>\n<li>100g Primaloft\u00ae Gold Eco vanueriste<\/li>\n<li>Fleece p\u00e4\u00e4llystetty pohjallinen<\/li>\n<li>Cleansport NXT\u2122 antibakteerik\u00e4sittely<\/li>\n<li>FloatMax\u2122 Foam v\u00e4lipohjavaimennus<\/li>\n<li>Kumipohja<\/li>\n<\/ul>\n","protected":false},"excerpt":{"rendered":"<p>MERRELL Marquette Thermo Lace Wp naisten talvikeng\u00e4t ulkoiluun ja vapaa-aikaan. Ominaisuudet: T\u00e4ysin vedenpit\u00e4v\u00e4 kalvo Vedenpit\u00e4v\u00e4 mokkanahkap\u00e4\u00e4llinen Mukana kahden v\u00e4riset nauhat 100% kierr\u00e4tetyt nauhat Kuminen k\u00e4rki suojaa varpaita Keinoturkis ja fleecevuori 100g Primaloft\u00ae Gold Eco vanueriste Fleece p\u00e4\u00e4llystetty pohjallinen Cleansport NXT\u2122 antibakteerik\u00e4sittely FloatMax\u2122 Foam v\u00e4lipohjavaimennus Kumipohja<\/p>\n","protected":false},"featured_media":19837,"template":"","meta":[],"product_brand":[1190],"product_cat":[1181],"product_tag":[1281,1280,1300],"class_list":{"0":"post-9573","1":"product","2":"type-product","3":"status-publish","4":"has-post-thumbnail","6":"product_brand-merrel","7":"product_cat-talvikengatmidnaiset","8":"product_tag-kengat","9":"product_tag-naisten-kengat","10":"product_tag-naisten-talvikengat","12":"first","13":"instock","14":"sale","15":"taxable","16":"shipping-taxable","17":"purchasable","18":"product-type-variable"},"jetpack_sharing_enabled":true,"_links":{"self":[{"href":"https:\/\/www.niskanen.fi\/verkkokauppa\/wp-json\/wp\/v2\/product\/9573","targetHints":{"allow":["GET"]}}],"collection":[{"href":"https:\/\/www.niskanen.fi\/verkkokauppa\/wp-json\/wp\/v2\/product"}],"about":[{"href":"https:\/\/www.niskanen.fi\/verkkokauppa\/wp-json\/wp\/v2\/types\/product"}],"version-history":[{"count":0,"href":"https:\/\/www.niskanen.fi\/verkkokauppa\/wp-json\/wp\/v2\/product\/9573\/revisions"}],"wp:featuredmedia":[{"embeddable":true,"href":"https:\/\/www.niskanen.fi\/verkkokauppa\/wp-json\/wp\/v2\/media\/19837"}],"wp:attachment":[{"href":"https:\/\/www.niskanen.fi\/verkkokauppa\/wp-json\/wp\/v2\/media?parent=9573"}],"wp:term":[{"taxonomy":"product_brand","embeddable":true,"href":"https:\/\/www.niskanen.fi\/verkkokauppa\/wp-json\/wp\/v2\/product_brand?post=9573"},{"taxonomy":"product_cat","embeddable":true,"href":"https:\/\/www.niskanen.fi\/verkkokauppa\/wp-json\/wp\/v2\/product_cat?post=9573"},{"taxonomy":"product_tag","embeddable":true,"href":"https:\/\/www.niskanen.fi\/verkkokauppa\/wp-json\/wp\/v2\/product_tag?post=9573"}],"curies":[{"name":"wp","href":"https:\/\/api.w.org\/{rel}","templated":true}]}}