{"id":9589,"date":"2025-10-29T19:16:56","date_gmt":"2025-10-29T17:16:56","guid":{"rendered":"https:\/\/www.niskanen.fi\/verkkokauppa\/?post_type=product&#038;p=9589"},"modified":"2026-04-07T14:51:14","modified_gmt":"2026-04-07T12:51:14","slug":"mckinley-luca-iii-aqx-miesten-talvikengat","status":"publish","type":"product","link":"https:\/\/www.niskanen.fi\/verkkokauppa\/tuote\/mckinley-luca-iii-aqx-miesten-talvikengat\/","title":{"rendered":"McKINLEY LUCA III AQX -MIESTEN TALVIKENG\u00c4T"},"content":{"rendered":"<p>Miesten vedenpit\u00e4v\u00e4t ja hengitt\u00e4v\u00e4t talvikeng\u00e4t AQUAMAX -kalvolla ja fleecevuorella.<\/p>\n<ul>\n<li>AQUAMAX -kalvo<\/li>\n<li>EVA sis\u00e4pohja ja kantakuppi<\/li>\n<li>TPR-kumipohja<\/li>\n<li>Materiaali: 90% polyuretaani \/ 10% huopa<\/li>\n<\/ul>\n","protected":false},"excerpt":{"rendered":"<p>Miesten vedenpit\u00e4v\u00e4t ja hengitt\u00e4v\u00e4t talvikeng\u00e4t AQUAMAX -kalvolla ja fleecevuorella. AQUAMAX -kalvo EVA sis\u00e4pohja ja kantakuppi TPR-kumipohja Materiaali: 90% polyuretaani \/ 10% huopa<\/p>\n","protected":false},"featured_media":19754,"template":"","meta":[],"product_brand":[1193],"product_cat":[1180],"product_tag":[1281,1279,1293],"class_list":{"0":"post-9589","1":"product","2":"type-product","3":"status-publish","4":"has-post-thumbnail","6":"product_brand-mckinley","7":"product_cat-talvikengatmidmiehet","8":"product_tag-kengat","9":"product_tag-miesten-kengat","10":"product_tag-miesten-talvikengat","12":"first","13":"instock","14":"sale","15":"taxable","16":"shipping-taxable","17":"purchasable","18":"product-type-variable"},"jetpack_sharing_enabled":true,"_links":{"self":[{"href":"https:\/\/www.niskanen.fi\/verkkokauppa\/wp-json\/wp\/v2\/product\/9589","targetHints":{"allow":["GET"]}}],"collection":[{"href":"https:\/\/www.niskanen.fi\/verkkokauppa\/wp-json\/wp\/v2\/product"}],"about":[{"href":"https:\/\/www.niskanen.fi\/verkkokauppa\/wp-json\/wp\/v2\/types\/product"}],"version-history":[{"count":1,"href":"https:\/\/www.niskanen.fi\/verkkokauppa\/wp-json\/wp\/v2\/product\/9589\/revisions"}],"predecessor-version":[{"id":19753,"href":"https:\/\/www.niskanen.fi\/verkkokauppa\/wp-json\/wp\/v2\/product\/9589\/revisions\/19753"}],"wp:featuredmedia":[{"embeddable":true,"href":"https:\/\/www.niskanen.fi\/verkkokauppa\/wp-json\/wp\/v2\/media\/19754"}],"wp:attachment":[{"href":"https:\/\/www.niskanen.fi\/verkkokauppa\/wp-json\/wp\/v2\/media?parent=9589"}],"wp:term":[{"taxonomy":"product_brand","embeddable":true,"href":"https:\/\/www.niskanen.fi\/verkkokauppa\/wp-json\/wp\/v2\/product_brand?post=9589"},{"taxonomy":"product_cat","embeddable":true,"href":"https:\/\/www.niskanen.fi\/verkkokauppa\/wp-json\/wp\/v2\/product_cat?post=9589"},{"taxonomy":"product_tag","embeddable":true,"href":"https:\/\/www.niskanen.fi\/verkkokauppa\/wp-json\/wp\/v2\/product_tag?post=9589"}],"curies":[{"name":"wp","href":"https:\/\/api.w.org\/{rel}","templated":true}]}}