{"id":96682,"date":"2026-04-14T12:41:34","date_gmt":"2026-04-14T10:41:34","guid":{"rendered":"https:\/\/www.niskanen.fi\/verkkokauppa\/?post_type=product&#038;p=96682"},"modified":"2026-04-30T10:43:45","modified_gmt":"2026-04-30T08:43:45","slug":"mckinley-lango-w-pikeepaita","status":"publish","type":"product","link":"https:\/\/www.niskanen.fi\/verkkokauppa\/tuote\/mckinley-lango-w-pikeepaita\/","title":{"rendered":"MCKINLEY LANGO W PIKEEPAITA"},"content":{"rendered":"<p>Naisten lyhythihainen pikeepaita aktiiviseen ulkoiluun ja arkeen.<\/p>\n<p>Dry Plus \u2011teknologia siirt\u00e4\u00e4 kosteutta tehokkaasti, ja Polygiene OdorCrunch \u2011k\u00e4sittely pit\u00e4\u00e4 paidan raikkaana useammalla k\u00e4ytt\u00f6kerralla. Kevyt ja hengitt\u00e4v\u00e4 100 % polyesteri tuntuu miellytt\u00e4v\u00e4lt\u00e4 p\u00e4\u00e4ll\u00e4, ja normaali istuvuus tarjoaa rennon ja toimivan leikkauksen.<\/p>\n<ul>\n<li>Normaali istuvuus<\/li>\n<li>Kosteutta siirt\u00e4v\u00e4 Dry Plus<\/li>\n<li>Hajujen muodostumista ehk\u00e4isev\u00e4 Polygiene OdorCrunch<\/li>\n<li>Materiaali: 100 % polyesteri<\/li>\n<\/ul>\n","protected":false},"excerpt":{"rendered":"<p>Naisten lyhythihainen pikeepaita aktiiviseen ulkoiluun ja arkeen. Dry Plus \u2011teknologia siirt\u00e4\u00e4 kosteutta tehokkaasti, ja Polygiene OdorCrunch \u2011k\u00e4sittely pit\u00e4\u00e4 paidan raikkaana useammalla k\u00e4ytt\u00f6kerralla. Kevyt ja hengitt\u00e4v\u00e4 100 % polyesteri tuntuu miellytt\u00e4v\u00e4lt\u00e4 p\u00e4\u00e4ll\u00e4, ja normaali istuvuus tarjoaa rennon ja toimivan leikkauksen. Normaali istuvuus Kosteutta siirt\u00e4v\u00e4 Dry Plus Hajujen muodostumista ehk\u00e4isev\u00e4 Polygiene OdorCrunch Materiaali: 100 % polyesteri<\/p>\n","protected":false},"featured_media":115484,"template":"","meta":[],"product_brand":[1193],"product_cat":[1255,1459,123],"product_tag":[2062,1273,1213,2100],"class_list":{"0":"post-96682","1":"product","2":"type-product","3":"status-publish","4":"has-post-thumbnail","6":"product_brand-mckinley","7":"product_cat-kaikki-naisten-vaatteet","8":"product_cat-naisten-paidat-ja-topit","9":"product_cat-pikeepaidat-naiset","10":"product_tag-mckinley","11":"product_tag-naisten-paidat-ja-topit","12":"product_tag-naisten-vaatteet","13":"product_tag-pikeepaidat","15":"first","16":"instock","17":"taxable","18":"shipping-taxable","19":"purchasable","20":"product-type-variable"},"jetpack_sharing_enabled":true,"_links":{"self":[{"href":"https:\/\/www.niskanen.fi\/verkkokauppa\/wp-json\/wp\/v2\/product\/96682","targetHints":{"allow":["GET"]}}],"collection":[{"href":"https:\/\/www.niskanen.fi\/verkkokauppa\/wp-json\/wp\/v2\/product"}],"about":[{"href":"https:\/\/www.niskanen.fi\/verkkokauppa\/wp-json\/wp\/v2\/types\/product"}],"version-history":[{"count":2,"href":"https:\/\/www.niskanen.fi\/verkkokauppa\/wp-json\/wp\/v2\/product\/96682\/revisions"}],"predecessor-version":[{"id":115489,"href":"https:\/\/www.niskanen.fi\/verkkokauppa\/wp-json\/wp\/v2\/product\/96682\/revisions\/115489"}],"wp:featuredmedia":[{"embeddable":true,"href":"https:\/\/www.niskanen.fi\/verkkokauppa\/wp-json\/wp\/v2\/media\/115484"}],"wp:attachment":[{"href":"https:\/\/www.niskanen.fi\/verkkokauppa\/wp-json\/wp\/v2\/media?parent=96682"}],"wp:term":[{"taxonomy":"product_brand","embeddable":true,"href":"https:\/\/www.niskanen.fi\/verkkokauppa\/wp-json\/wp\/v2\/product_brand?post=96682"},{"taxonomy":"product_cat","embeddable":true,"href":"https:\/\/www.niskanen.fi\/verkkokauppa\/wp-json\/wp\/v2\/product_cat?post=96682"},{"taxonomy":"product_tag","embeddable":true,"href":"https:\/\/www.niskanen.fi\/verkkokauppa\/wp-json\/wp\/v2\/product_tag?post=96682"}],"curies":[{"name":"wp","href":"https:\/\/api.w.org\/{rel}","templated":true}]}}