{"id":97828,"date":"2026-04-28T10:43:17","date_gmt":"2026-04-28T08:43:17","guid":{"rendered":"https:\/\/www.niskanen.fi\/verkkokauppa\/?post_type=product&#038;p=97828"},"modified":"2026-05-04T09:46:05","modified_gmt":"2026-05-04T07:46:05","slug":"luhta-brantevik-t-paita","status":"publish","type":"product","link":"https:\/\/www.niskanen.fi\/verkkokauppa\/tuote\/luhta-brantevik-t-paita\/","title":{"rendered":"LUHTA BRANTEVIK T-PAITA"},"content":{"rendered":"<p data-start=\"0\" data-end=\"246\">Luhta naisten t-paita yhdist\u00e4\u00e4 mukavuuden ja monik\u00e4ytt\u00f6isyyden. Normaali mitoitus ja py\u00f6re\u00e4 p\u00e4\u00e4ntie takaavat ajattoman istuvuuden, ja nelj\u00e4\u00e4n suuntaan joustava stretch-materiaali tekee paidasta miellytt\u00e4v\u00e4n niin aktiiviseen kuin rentoon k\u00e4ytt\u00f6\u00f6n.<\/p>\n<p data-start=\"248\" data-end=\"415\" data-is-last-node=\"\" data-is-only-node=\"\">Kierr\u00e4tysmateriaalia sis\u00e4lt\u00e4v\u00e4 kangassekoite (62 % polyesteri, 33 % viskoosi, 5 % elastaani) tuntuu pehme\u00e4lt\u00e4 p\u00e4\u00e4ll\u00e4 ja s\u00e4ilytt\u00e4\u00e4 muotonsa. Takapituus koossa S: 62 cm.<\/p>\n","protected":false},"excerpt":{"rendered":"<p>Luhta naisten t-paita yhdist\u00e4\u00e4 mukavuuden ja monik\u00e4ytt\u00f6isyyden. Normaali mitoitus ja py\u00f6re\u00e4 p\u00e4\u00e4ntie takaavat ajattoman istuvuuden, ja nelj\u00e4\u00e4n suuntaan joustava stretch-materiaali tekee paidasta miellytt\u00e4v\u00e4n niin aktiiviseen kuin rentoon k\u00e4ytt\u00f6\u00f6n. Kierr\u00e4tysmateriaalia sis\u00e4lt\u00e4v\u00e4 kangassekoite (62 % polyesteri, 33 % viskoosi, 5 % elastaani) tuntuu pehme\u00e4lt\u00e4 p\u00e4\u00e4ll\u00e4 ja s\u00e4ilytt\u00e4\u00e4 muotonsa. Takapituus koossa S: 62 cm.<\/p>\n","protected":false},"featured_media":120581,"template":"","meta":[],"product_brand":[1188],"product_cat":[1459,114],"product_tag":[2035,2010,2033],"class_list":{"0":"post-97828","1":"product","2":"type-product","3":"status-publish","4":"has-post-thumbnail","6":"product_brand-luhta","7":"product_cat-naisten-paidat-ja-topit","8":"product_cat-t-paidat-naiset","9":"product_tag-joustava-paita-naisille","10":"product_tag-luhta","11":"product_tag-luhta-naisten-paita","13":"first","14":"instock","15":"taxable","16":"shipping-taxable","17":"purchasable","18":"product-type-variable"},"jetpack_sharing_enabled":true,"_links":{"self":[{"href":"https:\/\/www.niskanen.fi\/verkkokauppa\/wp-json\/wp\/v2\/product\/97828","targetHints":{"allow":["GET"]}}],"collection":[{"href":"https:\/\/www.niskanen.fi\/verkkokauppa\/wp-json\/wp\/v2\/product"}],"about":[{"href":"https:\/\/www.niskanen.fi\/verkkokauppa\/wp-json\/wp\/v2\/types\/product"}],"version-history":[{"count":3,"href":"https:\/\/www.niskanen.fi\/verkkokauppa\/wp-json\/wp\/v2\/product\/97828\/revisions"}],"predecessor-version":[{"id":120618,"href":"https:\/\/www.niskanen.fi\/verkkokauppa\/wp-json\/wp\/v2\/product\/97828\/revisions\/120618"}],"wp:featuredmedia":[{"embeddable":true,"href":"https:\/\/www.niskanen.fi\/verkkokauppa\/wp-json\/wp\/v2\/media\/120581"}],"wp:attachment":[{"href":"https:\/\/www.niskanen.fi\/verkkokauppa\/wp-json\/wp\/v2\/media?parent=97828"}],"wp:term":[{"taxonomy":"product_brand","embeddable":true,"href":"https:\/\/www.niskanen.fi\/verkkokauppa\/wp-json\/wp\/v2\/product_brand?post=97828"},{"taxonomy":"product_cat","embeddable":true,"href":"https:\/\/www.niskanen.fi\/verkkokauppa\/wp-json\/wp\/v2\/product_cat?post=97828"},{"taxonomy":"product_tag","embeddable":true,"href":"https:\/\/www.niskanen.fi\/verkkokauppa\/wp-json\/wp\/v2\/product_tag?post=97828"}],"curies":[{"name":"wp","href":"https:\/\/api.w.org\/{rel}","templated":true}]}}